{"id":20,"date":"2026-02-07T13:40:55","date_gmt":"2026-02-07T13:40:55","guid":{"rendered":"http:\/\/karfire.com.tr\/sss-sikca-sorulan-sorular\/"},"modified":"2026-02-07T13:40:55","modified_gmt":"2026-02-07T13:40:55","slug":"sss-sikca-sorulan-sorular","status":"publish","type":"page","link":"https:\/\/karfire.com.tr\/en\/sss-sikca-sorulan-sorular\/","title":{"rendered":"FAQ (Frequently Asked Questions)"},"content":{"rendered":"<div class=\"wp-block-group alignfull is-style-ext-preset--group--natural-1--section has-background-background-color has-background has-global-padding is-layout-constrained wp-container-core-group-is-layout-e955bbaf wp-block-group-is-layout-constrained\" id=\"sss\" style=\"margin-top:0;margin-bottom:0;padding-top:var(--wp--preset--spacing--70);padding-bottom:var(--wp--preset--spacing--70)\">\n<div class=\"wp-block-group alignwide is-vertical is-content-justification-center is-layout-flex wp-container-core-group-is-layout-c9ee0c5a wp-block-group-is-layout-flex\">\n<div class=\"wp-block-group has-global-padding is-layout-constrained wp-container-core-group-is-layout-2287c683 wp-block-group-is-layout-constrained\">\n<h2 class=\"wp-block-heading has-text-align-center\">Yang\u0131n G\u00fcvenli\u011fi ve Alarm Sistemleri Uzmanl\u0131\u011f\u0131<\/h2>\n\n\n\n<p class=\"has-text-align-center\">S\u0131k\u00e7a Sorulan Sorular b\u00f6l\u00fcm\u00fc, elektrik ve yang\u0131n sistemleri hakk\u0131nda merak edilen t\u00fcm konularda h\u0131zl\u0131 ve anla\u015f\u0131l\u0131r bilgiler sunar.<\/p>\n<\/div>\n<\/div>\n\n\n\n<div class=\"wp-block-group alignwide has-global-padding is-content-justification-center is-layout-constrained wp-container-core-group-is-layout-8f997a6a wp-block-group-is-layout-constrained\">\n<div class=\"wp-block-group is-style-ext-preset--group--natural-1--item-card-1--align-start is-layout-flow wp-block-group-is-layout-flow is-style-ext-preset--group--natural-1--item-card-1--align-start--2\">\n<div class=\"wp-block-group is-style-default is-layout-flow wp-block-group-is-layout-flow\">\n<h3 class=\"wp-block-heading\">Yang\u0131n alg\u0131lama sistemleri nas\u0131l \u00e7al\u0131\u015f\u0131r?<\/h3>\n\n\n\n<p>Yang\u0131n alg\u0131lama sistemleri, duman, \u0131s\u0131 veya alev sens\u00f6rleriyle yang\u0131n\u0131 erken tespit ederek sesli ve g\u00f6rsel uyar\u0131lar verir.<\/p>\n<\/div>\n<\/div>\n\n\n\n<div class=\"wp-block-group is-style-ext-preset--group--natural-1--item-card-1--align-start is-layout-flow wp-block-group-is-layout-flow is-style-ext-preset--group--natural-1--item-card-1--align-start--3\">\n<div class=\"wp-block-group is-style-default is-layout-flow wp-block-group-is-layout-flow\">\n<h3 class=\"wp-block-heading\">Yang\u0131n s\u00f6nd\u00fcrme sistemleri hangi t\u00fcrlerde mevcuttur?<\/h3>\n\n\n\n<p>Yang\u0131n s\u00f6nd\u00fcrme sistemleri; su bazl\u0131, k\u00f6p\u00fckl\u00fc, kuru kimyevi tozlu ve gazl\u0131 olmak \u00fczere \u00e7e\u015fitli tiplerde tasarlan\u0131r.<\/p>\n<\/div>\n<\/div>\n\n\n\n<div class=\"wp-block-group is-style-ext-preset--group--natural-1--item-card-1--align-start is-layout-flow wp-block-group-is-layout-flow is-style-ext-preset--group--natural-1--item-card-1--align-start--4\">\n<div class=\"wp-block-group is-style-default is-layout-flow wp-block-group-is-layout-flow\">\n<h3 class=\"wp-block-heading\">Alarm sistemleri kurulumu i\u00e7in nelere dikkat edilmelidir?<\/h3>\n\n\n\n<p>Alarm sistemlerinin do\u011fru \u00e7al\u0131\u015fmas\u0131 i\u00e7in profesyonel kurulum ve d\u00fczenli bak\u0131m \u015fartt\u0131r.<\/p>\n<\/div>\n<\/div>\n\n\n\n<div class=\"wp-block-group is-style-ext-preset--group--natural-1--item-card-1--align-start is-layout-flow wp-block-group-is-layout-flow is-style-ext-preset--group--natural-1--item-card-1--align-start--5\">\n<div class=\"wp-block-group is-style-default is-layout-flow wp-block-group-is-layout-flow\">\n<h3 class=\"wp-block-heading\">Blogunuzda hangi konularda i\u00e7erik bulabilirim?<\/h3>\n\n\n\n<p>Elektrik i\u015fleri, yang\u0131n alg\u0131lama ve s\u00f6nd\u00fcrme sistemleri ile ilgili g\u00fcncel bilgiler ve sekt\u00f6rel yenilikler yer almaktad\u0131r.<\/p>\n<\/div>\n<\/div>\n<\/div>\n<\/div>\n\n<div class=\"wp-block-group alignfull is-style-ext-preset--group--natural-1--section has-tertiary-background-color has-background has-global-padding is-layout-constrained wp-container-core-group-is-layout-6714b1d7 wp-block-group-is-layout-constrained\" id=\"hakkimizda\" style=\"margin-top:0;margin-bottom:0;padding-top:var(--wp--preset--spacing--70);padding-bottom:var(--wp--preset--spacing--70)\">\n<div class=\"wp-block-group alignwide is-vertical is-content-justification-center is-layout-flex wp-container-core-group-is-layout-c9ee0c5a wp-block-group-is-layout-flex\">\n<div class=\"wp-block-group has-global-padding is-layout-constrained wp-container-core-group-is-layout-2287c683 wp-block-group-is-layout-constrained\">\n<h2 class=\"wp-block-heading has-text-align-center\">G\u00fcvenilir ve Etkili Elektrik Hizmetleri<\/h2>\n\n\n\n<p class=\"has-text-align-center\">Blogumuz, elektrik i\u015fleri ve yang\u0131n sistemlerinde kaliteli hizmet sunmay\u0131 ama\u00e7lar; sekt\u00f6r\u00fcn ihtiya\u00e7lar\u0131na uygun \u00e7\u00f6z\u00fcmlerle g\u00fcvenli\u011finizi \u00f6n planda tutar.<\/p>\n<\/div>\n<\/div>\n\n\n\n<div class=\"wp-block-columns alignwide is-layout-flex wp-container-core-columns-is-layout-28f84493 wp-block-columns-is-layout-flex\">\n<div class=\"wp-block-column is-layout-flow wp-block-column-is-layout-flow\">\n<figure class=\"wp-block-image is-style-ext-preset-image-natural-1-image-1--content-bottom is-style-ext-preset--image--natural-1--image-1--content-bottom extendify-image-import is-style-ext-preset--image--natural-1--image-1--content-bottom--7\"><img decoding=\"async\" src=\"https:\/\/images.unsplash.com\/photo-1646524358760-03fd370d7d34?ixid=M3w0MzUxNjF8MHwxfHNlYXJjaHw0fHxmaXJlJTIwYWxhcm18ZW58MHx8fHwxNzcwMTUxMzAxfDA&amp;ixlib=rb-4.1.0&amp;orientation=landscape?fit=crop&amp;crop=entropy%2Cfaces&amp;auto=format%2Ccompress&amp;w=1280\" alt=\"\" style=\"aspect-ratio:3\/4;object-fit:cover\"\/><\/figure>\n<\/div>\n\n\n\n<div class=\"wp-block-column is-layout-flow wp-block-column-is-layout-flow\">\n<figure class=\"wp-block-image is-style-ext-preset-image-natural-1-image-1--content-bottom is-style-ext-preset--image--natural-1--image-1--content-bottom extendify-image-import is-style-ext-preset--image--natural-1--image-1--content-bottom--8\"><img decoding=\"async\" src=\"https:\/\/images.unsplash.com\/photo-1761344446154-120c591a93c5?ixid=M3w0MzUxNjF8MHwxfHNlYXJjaHwxMnx8ZmlyZSUyMHN1cHByZXNzaW9ufGVufDB8fHx8MTc3MDMxODkzMHww&amp;ixlib=rb-4.1.0&amp;orientation=portrait?fit=crop&amp;crop=entropy%2Cfaces&amp;auto=format%2Ccompress&amp;w=1280\" alt=\"\" style=\"aspect-ratio:3\/4;object-fit:cover\"\/><\/figure>\n<\/div>\n\n\n\n<div class=\"wp-block-column is-layout-flow wp-block-column-is-layout-flow\">\n<figure class=\"wp-block-image is-style-ext-preset-image-natural-1-image-1--content-bottom is-style-ext-preset--image--natural-1--image-1--content-bottom extendify-image-import is-style-ext-preset--image--natural-1--image-1--content-bottom--9\"><img decoding=\"async\" src=\"https:\/\/images.unsplash.com\/photo-1767514536570-83d70c024247?ixid=M3w0MzUxNjF8MHwxfHNlYXJjaHwyMHx8ZWxlY3RyaWNhbCUyMHdvcmt8ZW58MHx8fHwxNzY5OTQzMjM4fDA&amp;ixlib=rb-4.1.0&amp;orientation=landscape?fit=crop&amp;crop=entropy%2Cfaces&amp;auto=format%2Ccompress&amp;w=1280\" alt=\"\" style=\"aspect-ratio:3\/4;object-fit:cover\"\/><\/figure>\n<\/div>\n<\/div>\n<\/div>\n\n<div class=\"wp-block-group alignfull is-style-ext-preset--group--natural-1--section has-background-background-color has-background has-global-padding is-layout-constrained wp-container-core-group-is-layout-e955bbaf wp-block-group-is-layout-constrained\" id=\"hizmetler\" style=\"margin-top:0;margin-bottom:0;padding-top:var(--wp--preset--spacing--70);padding-bottom:var(--wp--preset--spacing--70)\">\n<div class=\"wp-block-group alignwide is-vertical is-layout-flex wp-container-core-group-is-layout-c35747d5 wp-block-group-is-layout-flex\">\n<div class=\"wp-block-group has-global-padding is-layout-constrained wp-container-core-group-is-layout-5e05634a wp-block-group-is-layout-constrained\">\n<h2 class=\"wp-block-heading\">Yang\u0131n ve Elektrik Sistemlerinde G\u00fcvenilir \u00c7\u00f6z\u00fcmler<\/h2>\n\n\n\n<p class=\"has-text-align-left\">Geni\u015f hizmet yelpazemizle kaliteyi \u00f6n planda tutuyor, m\u00fc\u015fteri memnuniyetini garanti ediyoruz.<\/p>\n<\/div>\n<\/div>\n\n\n\n<div class=\"wp-block-columns alignwide is-layout-flex wp-container-core-columns-is-layout-08c01c1c wp-block-columns-is-layout-flex\">\n<div class=\"wp-block-column is-layout-flow wp-block-column-is-layout-flow\">\n<div class=\"wp-block-group is-style-ext-preset--group--natural-1--item-card-1--align-start has-global-padding is-layout-constrained wp-block-group-is-layout-constrained is-style-ext-preset--group--natural-1--item-card-1--align-start--11\">\n<figure class=\"wp-block-image extendify-image-import\"><img decoding=\"async\" src=\"https:\/\/images.unsplash.com\/photo-1767514536575-82aaf8b0afc4?ixid=M3w0MzUxNjF8MHwxfHNlYXJjaHwxOHx8ZWxlY3RyaWNhbCUyMHdvcmt8ZW58MHx8fHwxNzY5OTQzMjM4fDA&amp;ixlib=rb-4.1.0&amp;orientation=landscape?fit=crop&amp;crop=entropy%2Cfaces&amp;auto=format%2Ccompress&amp;w=1280\" alt=\"\" style=\"aspect-ratio:4\/3;object-fit:cover\"\/><\/figure>\n\n\n\n<div class=\"wp-block-group is-style-default has-global-padding is-layout-constrained wp-block-group-is-layout-constrained\">\n<h3 class=\"wp-block-heading\">Elektrik Tesisat\u0131 Hizmeti<\/h3>\n\n\n\n<p>\u0130htiya\u00e7lar\u0131n\u0131za \u00f6zel, g\u00fcvenli ve etkili elektrik \u00e7\u00f6z\u00fcmleri sunuyoruz.<\/p>\n<\/div>\n<\/div>\n<\/div>\n\n\n\n<div class=\"wp-block-column is-layout-flow wp-block-column-is-layout-flow\">\n<div class=\"wp-block-group is-style-ext-preset--group--natural-1--item-card-1--align-start has-global-padding is-layout-constrained wp-block-group-is-layout-constrained is-style-ext-preset--group--natural-1--item-card-1--align-start--12\">\n<figure class=\"wp-block-image extendify-image-import\"><img decoding=\"async\" src=\"https:\/\/images.unsplash.com\/photo-1508817172652-4be4be2795cb?ixid=M3w0MzUxNjF8MHwxfHNlYXJjaHwyMHx8ZmlyZSUyMGFsYXJtfGVufDB8fHx8MTc3MDE1MTMwMXww&amp;ixlib=rb-4.1.0&amp;orientation=landscape?fit=crop&amp;crop=entropy%2Cfaces&amp;auto=format%2Ccompress&amp;w=1280\" alt=\"\" style=\"aspect-ratio:4\/3;object-fit:cover\"\/><\/figure>\n\n\n\n<div class=\"wp-block-group is-style-default has-global-padding is-layout-constrained wp-block-group-is-layout-constrained\">\n<h3 class=\"wp-block-heading\">Fire Detection Systems<\/h3>\n\n\n\n<p>Son teknoloji yang\u0131n alg\u0131lama sistemleri ile maksimum koruma sa\u011fl\u0131yoruz.<\/p>\n<\/div>\n<\/div>\n<\/div>\n\n\n\n<div class=\"wp-block-column is-layout-flow wp-block-column-is-layout-flow\">\n<div class=\"wp-block-group is-style-ext-preset--group--natural-1--item-card-1--align-start has-global-padding is-layout-constrained wp-block-group-is-layout-constrained is-style-ext-preset--group--natural-1--item-card-1--align-start--13\">\n<figure class=\"wp-block-image extendify-image-import\"><img decoding=\"async\" src=\"https:\/\/images.unsplash.com\/photo-1743698205310-cd814a95afab?ixid=M3w0MzUxNjF8MHwxfHNlYXJjaHwxOHx8ZmlyZSUyMGFsYXJtfGVufDB8fHx8MTc3MDE1MTMwMXww&amp;ixlib=rb-4.1.0&amp;orientation=landscape?fit=crop&amp;crop=entropy%2Cfaces&amp;auto=format%2Ccompress&amp;w=1280\" alt=\"\" style=\"aspect-ratio:4\/3;object-fit:cover\"\/><\/figure>\n\n\n\n<div class=\"wp-block-group is-style-default has-global-padding is-layout-constrained wp-block-group-is-layout-constrained\">\n<h3 class=\"wp-block-heading\">Yang\u0131n S\u00f6nd\u00fcrme \u00c7\u00f6z\u00fcmleri<\/h3>\n\n\n\n<p>Y\u00fcksek performansl\u0131 sistemlerle yang\u0131n riskine kar\u015f\u0131 etkin koruma sa\u011fl\u0131yoruz.<\/p>\n<\/div>\n<\/div>\n<\/div>\n<\/div>\n<\/div>","protected":false},"excerpt":{"rendered":"<p>Yang\u0131n G\u00fcvenli\u011fi ve Alarm Sistemleri Uzmanl\u0131\u011f\u0131 S\u0131k\u00e7a Sorulan Sorular b\u00f6l\u00fcm\u00fc, elektrik ve yang\u0131n sistemleri hakk\u0131nda merak edilen t\u00fcm konularda h\u0131zl\u0131 ve anla\u015f\u0131l\u0131r bilgiler sunar. Yang\u0131n alg\u0131lama sistemleri nas\u0131l \u00e7al\u0131\u015f\u0131r? Yang\u0131n alg\u0131lama sistemleri, duman, \u0131s\u0131 veya alev sens\u00f6rleriyle yang\u0131n\u0131 erken tespit ederek sesli ve g\u00f6rsel uyar\u0131lar verir. Yang\u0131n s\u00f6nd\u00fcrme sistemleri hangi t\u00fcrlerde mevcuttur? Yang\u0131n s\u00f6nd\u00fcrme sistemleri; [&hellip;]<\/p>\n","protected":false},"author":1,"featured_media":0,"parent":0,"menu_order":0,"comment_status":"closed","ping_status":"closed","template":"page-with-title","meta":{"om_disable_all_campaigns":false,"_monsterinsights_skip_tracking":false,"_monsterinsights_sitenote_active":false,"_monsterinsights_sitenote_note":"","_monsterinsights_sitenote_category":0,"_uf_show_specific_survey":0,"_uf_disable_surveys":false,"footnotes":""},"class_list":["post-20","page","type-page","status-publish","hentry"],"aioseo_notices":[],"_links":{"self":[{"href":"https:\/\/karfire.com.tr\/en\/wp-json\/wp\/v2\/pages\/20","targetHints":{"allow":["GET"]}}],"collection":[{"href":"https:\/\/karfire.com.tr\/en\/wp-json\/wp\/v2\/pages"}],"about":[{"href":"https:\/\/karfire.com.tr\/en\/wp-json\/wp\/v2\/types\/page"}],"author":[{"embeddable":true,"href":"https:\/\/karfire.com.tr\/en\/wp-json\/wp\/v2\/users\/1"}],"replies":[{"embeddable":true,"href":"https:\/\/karfire.com.tr\/en\/wp-json\/wp\/v2\/comments?post=20"}],"version-history":[{"count":0,"href":"https:\/\/karfire.com.tr\/en\/wp-json\/wp\/v2\/pages\/20\/revisions"}],"wp:attachment":[{"href":"https:\/\/karfire.com.tr\/en\/wp-json\/wp\/v2\/media?parent=20"}],"curies":[{"name":"wp","href":"https:\/\/api.w.org\/{rel}","templated":true}]}}