{"id":122,"date":"2026-02-18T10:49:25","date_gmt":"2026-02-18T10:49:25","guid":{"rendered":"https:\/\/karfire.com.tr\/?page_id=122"},"modified":"2026-02-19T10:19:10","modified_gmt":"2026-02-19T10:19:10","slug":"cozum-ortaklari","status":"publish","type":"page","link":"https:\/\/karfire.com.tr\/en\/cozum-ortaklari\/","title":{"rendered":"\u00c7\u00f6z\u00fcm Ortaklar\u0131"},"content":{"rendered":"<div class=\"wp-block-group alignfull is-style-ext-preset--group--natural-1--section has-background-background-color has-background has-global-padding is-layout-constrained wp-container-core-group-is-layout-843e5a6d wp-block-group-is-layout-constrained\" style=\"margin-top:0;margin-bottom:0;padding-top:var(--wp--preset--spacing--70);padding-bottom:var(--wp--preset--spacing--70)\">\n<div class=\"wp-block-group alignwide is-vertical is-content-justification-center is-layout-flex wp-container-core-group-is-layout-c9ee0c5a wp-block-group-is-layout-flex\">\n<div class=\"wp-block-group has-global-padding is-layout-constrained wp-container-core-group-is-layout-2287c683 wp-block-group-is-layout-constrained\">\n<h2 class=\"wp-block-heading has-text-align-center\">\u00c7\u00f6z\u00fcm Ortaklar\u0131m\u0131z<\/h2>\n\n\n\n<p class=\"has-text-align-center\">\u0130\u015f birli\u011fi yapt\u0131\u011f\u0131m\u0131z lider firmalar ve sunduklar\u0131 \u00e7\u00f6z\u00fcmler hakk\u0131nda kapsaml\u0131 bir bak\u0131\u015f sunuyoruz.<\/p>\n<\/div>\n<\/div>\n\n\n\n<figure class=\"wp-block-image is-style-ext-preset-image-natural-1-image-1--content-any is-style-ext-preset--image--natural-1--image-1--content-any extendify-image-import is-style-ext-preset--image--natural-1--image-1--content-any--2\"><img decoding=\"async\" src=\"https:\/\/images.unsplash.com\/photo-1517048676732-d65bc937f952?ixid=M3w0MzUxNjF8MHwxfHNlYXJjaHw3fHxidXNpbmVzcyUyMHBhcnRuZXJzfGVufDB8fHx8MTc3MDgxMjc0OXww&amp;ixlib=rb-4.1.0&amp;orientation=landscape?fit=crop&amp;crop=entropy%2Cfaces&amp;auto=format%2Ccompress&amp;w=1280\" alt=\"\" style=\"aspect-ratio:16\/9;object-fit:cover\"\/><\/figure>\n<\/div>\n\n\n\n<div class=\"wp-block-group alignfull is-style-ext-preset--group--natural-1--section has-tertiary-background-color has-background has-global-padding is-layout-constrained wp-container-core-group-is-layout-43ca1d42 wp-block-group-is-layout-constrained\" style=\"margin-top:0;margin-bottom:0;padding-top:var(--wp--preset--spacing--55);padding-bottom:var(--wp--preset--spacing--55)\">\n<div class=\"wp-block-group alignwide is-style-ext-preset--group--natural-1--item-card-1--align-start has-global-padding is-layout-constrained wp-block-group-is-layout-constrained is-style-ext-preset--group--natural-1--item-card-1--align-start--4\">\n<div class=\"wp-block-group alignwide has-global-padding is-layout-constrained wp-container-core-group-is-layout-220aa2ff wp-block-group-is-layout-constrained\" style=\"padding-top:var(--wp--preset--spacing--50);padding-right:var(--wp--preset--spacing--30);padding-bottom:var(--wp--preset--spacing--50);padding-left:var(--wp--preset--spacing--30)\">\n<h2 class=\"wp-block-heading has-text-align-center\" style=\"margin-bottom:var(--wp--preset--spacing--40);font-size:clamp(14px, 0.875rem + ((1vw - 3.2px) * 0.417), 18px);\">\u00c7\u00f6z\u00fcm Ortaklar\u0131m\u0131z\u0131n \u0130\u015fbirli\u011fimiz Hakk\u0131ndaki G\u00f6r\u00fc\u015fleri<\/h2>\n\n\n\n<div class=\"wp-block-group alignwide is-content-justification-center is-layout-flex wp-container-core-group-is-layout-e1801491 wp-block-group-is-layout-flex\" style=\"padding-top:0;padding-right:0;padding-bottom:0;padding-left:0\">\n<figure class=\"wp-block-gallery has-nested-images columns-default is-cropped wp-block-gallery-6 is-layout-flex wp-block-gallery-is-layout-flex\">\n<figure class=\"wp-block-image size-large extendify-image-import is-style-ext-preset--image--brutalism-1--image-1--content-any wp-duotone-foreground-and-background is-style-ext-preset--image--brutalism-1--image-1--content-any--5\"><img loading=\"lazy\" decoding=\"async\" width=\"1024\" height=\"576\" data-id=\"123\" src=\"https:\/\/karfire.com.tr\/wp-content\/uploads\/2026\/02\/prisma-1024x576.jpg\" alt=\"\" class=\"wp-image-123\" srcset=\"https:\/\/karfire.com.tr\/wp-content\/uploads\/2026\/02\/prisma-1024x576.jpg 1024w, https:\/\/karfire.com.tr\/wp-content\/uploads\/2026\/02\/prisma-300x169.jpg 300w, https:\/\/karfire.com.tr\/wp-content\/uploads\/2026\/02\/prisma-768x432.jpg 768w, https:\/\/karfire.com.tr\/wp-content\/uploads\/2026\/02\/prisma-1536x864.jpg 1536w, https:\/\/karfire.com.tr\/wp-content\/uploads\/2026\/02\/prisma-18x10.jpg 18w, https:\/\/karfire.com.tr\/wp-content\/uploads\/2026\/02\/prisma.jpg 1600w\" sizes=\"auto, (max-width: 1024px) 100vw, 1024px\" \/><\/figure>\n<\/figure>\n\n\n\n<figure class=\"wp-block-image size-large extendify-image-import wp-duotone-foreground-and-background\"><img loading=\"lazy\" decoding=\"async\" width=\"1024\" height=\"576\" src=\"https:\/\/karfire.com.tr\/wp-content\/uploads\/2026\/02\/umayx-1024x576.jpg\" alt=\"\" class=\"wp-image-125\" srcset=\"https:\/\/karfire.com.tr\/wp-content\/uploads\/2026\/02\/umayx-1024x576.jpg 1024w, https:\/\/karfire.com.tr\/wp-content\/uploads\/2026\/02\/umayx-300x169.jpg 300w, https:\/\/karfire.com.tr\/wp-content\/uploads\/2026\/02\/umayx-768x432.jpg 768w, https:\/\/karfire.com.tr\/wp-content\/uploads\/2026\/02\/umayx-1536x864.jpg 1536w, https:\/\/karfire.com.tr\/wp-content\/uploads\/2026\/02\/umayx-18x10.jpg 18w, https:\/\/karfire.com.tr\/wp-content\/uploads\/2026\/02\/umayx.jpg 1600w\" sizes=\"auto, (max-width: 1024px) 100vw, 1024px\" \/><\/figure>\n<\/div>\n\n\n\n<div class=\"wp-block-group alignwide is-content-justification-center is-layout-flex wp-container-core-group-is-layout-c5dd92aa wp-block-group-is-layout-flex\" style=\"margin-top:var(--wp--preset--spacing--30);padding-top:0;padding-right:0;padding-bottom:0;padding-left:0\">\n<figure class=\"wp-block-image size-large\"><img loading=\"lazy\" decoding=\"async\" width=\"1024\" height=\"623\" src=\"https:\/\/karfire.com.tr\/wp-content\/uploads\/2026\/02\/WhatsApp-Image-2026-02-19-at-13.11.14-1024x623.jpeg\" alt=\"\" class=\"wp-image-136\" srcset=\"https:\/\/karfire.com.tr\/wp-content\/uploads\/2026\/02\/WhatsApp-Image-2026-02-19-at-13.11.14-1024x623.jpeg 1024w, https:\/\/karfire.com.tr\/wp-content\/uploads\/2026\/02\/WhatsApp-Image-2026-02-19-at-13.11.14-300x182.jpeg 300w, https:\/\/karfire.com.tr\/wp-content\/uploads\/2026\/02\/WhatsApp-Image-2026-02-19-at-13.11.14-768x467.jpeg 768w, https:\/\/karfire.com.tr\/wp-content\/uploads\/2026\/02\/WhatsApp-Image-2026-02-19-at-13.11.14-1536x934.jpeg 1536w, https:\/\/karfire.com.tr\/wp-content\/uploads\/2026\/02\/WhatsApp-Image-2026-02-19-at-13.11.14-18x12.jpeg 18w, https:\/\/karfire.com.tr\/wp-content\/uploads\/2026\/02\/WhatsApp-Image-2026-02-19-at-13.11.14.jpeg 1600w\" sizes=\"auto, (max-width: 1024px) 100vw, 1024px\" \/><\/figure>\n<\/div>\n<\/div>\n<\/div>\n<\/div>\n\n\n\n<div class=\"wp-block-group alignfull is-style-ext-preset--group--natural-1--section has-background-background-color has-background has-global-padding is-layout-constrained wp-block-group-is-layout-constrained\" id=\"hakkimizda\" style=\"margin-top:0;margin-bottom:0;padding-top:var(--wp--preset--spacing--70);padding-bottom:var(--wp--preset--spacing--70)\">\n<div class=\"wp-block-group alignwide is-vertical is-content-justification-center is-layout-flex wp-container-core-group-is-layout-c9ee0c5a wp-block-group-is-layout-flex\">\n<div class=\"wp-block-group has-global-padding is-layout-constrained wp-container-core-group-is-layout-2287c683 wp-block-group-is-layout-constrained\">\n<h2 class=\"wp-block-heading has-text-align-center\">\u00c7\u00f6z\u00fcm Ortaklar\u0131m\u0131zla G\u00fc\u00e7l\u00fc \u0130\u015fbirlikleri Kuruyoruz<\/h2>\n\n\n\n<p class=\"has-text-align-center\">Ba\u015far\u0131y\u0131 yaln\u0131zca projelerle de\u011fil, g\u00fc\u00e7l\u00fc ve stratejik i\u015f birlikleriyle in\u015fa ediyoruz. Elektrik sistemleri, yang\u0131n alg\u0131lama ve s\u00f6nd\u00fcrme teknolojileri ile end\u00fcstriyel makine \u00e7\u00f6z\u00fcmlerinde; alan\u0131nda uzman, y\u00fcksek teknik yeterlili\u011fe sahip ve kalite standartlar\u0131n\u0131 benimsemi\u015f firmalarla \u00e7al\u0131\u015f\u0131yoruz.<\/p>\n\n\n\n<p>\u00c7\u00f6z\u00fcm ortaklar\u0131m\u0131z; m\u00fchendislik g\u00fcc\u00fc, \u00fcretim kalitesi ve saha tecr\u00fcbesiyle projelerimize de\u011fer katarken, entegre ve s\u00fcrd\u00fcr\u00fclebilir sistemler geli\u015ftirmemize katk\u0131 sa\u011flar. Her i\u015f birli\u011fini uzun vadeli g\u00fcven, teknolojik geli\u015fim ve kar\u015f\u0131l\u0131kl\u0131 b\u00fcy\u00fcme anlay\u0131\u015f\u0131 \u00fczerine kuruyoruz.<\/p>\n\n\n\n<p class=\"has-text-align-center\">Amac\u0131m\u0131z; disiplinler aras\u0131 g\u00fc\u00e7l\u00fc koordinasyon ile elektrik g\u00fcvenli\u011fi, yang\u0131n koruma sistemleri ve makine altyap\u0131lar\u0131nda y\u00fcksek performansl\u0131, g\u00fcvenilir ve gelece\u011fe haz\u0131r \u00e7\u00f6z\u00fcmler sunmakt\u0131r.<\/p>\n<\/div>\n<\/div>\n<\/div>\n\n\n\n<div class=\"wp-block-group alignfull is-style-ext-preset--group--natural-1--section has-tertiary-background-color has-background has-global-padding is-layout-constrained wp-container-core-group-is-layout-e955bbaf wp-block-group-is-layout-constrained\" style=\"margin-top:0;margin-bottom:0;padding-top:var(--wp--preset--spacing--70);padding-bottom:var(--wp--preset--spacing--70)\">\n<div class=\"wp-block-media-text alignwide is-stacked-on-mobile is-image-fill-element is-style-ext-preset--media-text--natural-1--card-1 extendify-image-import has-background-background-color has-background is-style-ext-preset--media-text--natural-1--card-1--9\"><figure class=\"wp-block-media-text__media\"><img decoding=\"async\" src=\"https:\/\/images.unsplash.com\/photo-1521791136064-7986c2920216?ixid=M3w0MzUxNjF8MHwxfHNlYXJjaHw0fHxidXNpbmVzcyUyMHBhcnRuZXJzfGVufDB8fHx8MTc3MDgxMjc0OXww&amp;ixlib=rb-4.1.0&amp;orientation=landscape?fit=crop&amp;crop=entropy%2Cfaces&amp;auto=format%2Ccompress&amp;w=1280\" alt=\"\" style=\"object-position:50% 50%\"\/><\/figure><div class=\"wp-block-media-text__content\">\n<div class=\"wp-block-group alignwide is-vertical is-layout-flex wp-container-core-group-is-layout-53474e87 wp-block-group-is-layout-flex\" style=\"padding-top:var(--wp--preset--spacing--60);padding-bottom:var(--wp--preset--spacing--60)\">\n<div class=\"wp-block-group has-global-padding is-layout-constrained wp-container-core-group-is-layout-812d5580 wp-block-group-is-layout-constrained\" style=\"padding-top:0;padding-right:0;padding-bottom:0;padding-left:0\">\n<h2 class=\"wp-block-heading\">G\u00fc\u00e7l\u00fc i\u015fbirlikleriyle gelece\u011finizi \u015fekillendirin.<\/h2>\n\n\n\n<p>Ortaklar\u0131m\u0131zla sundu\u011fumuz \u00e7\u00f6z\u00fcmler hakk\u0131nda detayl\u0131 bilgi al\u0131n, i\u015finizi b\u00fcy\u00fctmenin avantajlar\u0131n\u0131 ke\u015ffedin ve bizimle ileti\u015fime ge\u00e7erek i\u015fbirli\u011fine ba\u015flay\u0131n.<\/p>\n<\/div>\n\n\n\n<div class=\"wp-block-buttons is-layout-flex wp-block-buttons-is-layout-flex\">\n<div class=\"wp-block-button is-style-ext-preset--button--natural-1--button-1 is-style-ext-preset--button--natural-1--button-1--10\"><a class=\"wp-block-button__link wp-element-button\" href=\"#\">Ortaklar\u0131m\u0131z\u0131 Tan\u0131y\u0131n<\/a><\/div>\n<\/div>\n<\/div>\n<\/div><\/div>\n<\/div>","protected":false},"excerpt":{"rendered":"<p>\u00c7\u00f6z\u00fcm Ortaklar\u0131m\u0131z \u0130\u015f birli\u011fi yapt\u0131\u011f\u0131m\u0131z lider firmalar ve sunduklar\u0131 \u00e7\u00f6z\u00fcmler hakk\u0131nda kapsaml\u0131 bir bak\u0131\u015f sunuyoruz. \u00c7\u00f6z\u00fcm Ortaklar\u0131m\u0131z\u0131n \u0130\u015fbirli\u011fimiz Hakk\u0131ndaki G\u00f6r\u00fc\u015fleri \u00c7\u00f6z\u00fcm Ortaklar\u0131m\u0131zla G\u00fc\u00e7l\u00fc \u0130\u015fbirlikleri Kuruyoruz Ba\u015far\u0131y\u0131 yaln\u0131zca projelerle de\u011fil, g\u00fc\u00e7l\u00fc ve stratejik i\u015f birlikleriyle in\u015fa ediyoruz. Elektrik sistemleri, yang\u0131n alg\u0131lama ve s\u00f6nd\u00fcrme teknolojileri ile end\u00fcstriyel makine \u00e7\u00f6z\u00fcmlerinde; alan\u0131nda uzman, y\u00fcksek teknik yeterlili\u011fe sahip ve kalite [&hellip;]<\/p>\n","protected":false},"author":1,"featured_media":0,"parent":0,"menu_order":0,"comment_status":"closed","ping_status":"closed","template":"page-with-title","meta":{"om_disable_all_campaigns":false,"_monsterinsights_skip_tracking":false,"_monsterinsights_sitenote_active":false,"_monsterinsights_sitenote_note":"","_monsterinsights_sitenote_category":0,"_uf_show_specific_survey":0,"_uf_disable_surveys":false,"footnotes":""},"class_list":["post-122","page","type-page","status-publish","hentry"],"aioseo_notices":[],"_links":{"self":[{"href":"https:\/\/karfire.com.tr\/en\/wp-json\/wp\/v2\/pages\/122","targetHints":{"allow":["GET"]}}],"collection":[{"href":"https:\/\/karfire.com.tr\/en\/wp-json\/wp\/v2\/pages"}],"about":[{"href":"https:\/\/karfire.com.tr\/en\/wp-json\/wp\/v2\/types\/page"}],"author":[{"embeddable":true,"href":"https:\/\/karfire.com.tr\/en\/wp-json\/wp\/v2\/users\/1"}],"replies":[{"embeddable":true,"href":"https:\/\/karfire.com.tr\/en\/wp-json\/wp\/v2\/comments?post=122"}],"version-history":[{"count":7,"href":"https:\/\/karfire.com.tr\/en\/wp-json\/wp\/v2\/pages\/122\/revisions"}],"predecessor-version":[{"id":138,"href":"https:\/\/karfire.com.tr\/en\/wp-json\/wp\/v2\/pages\/122\/revisions\/138"}],"wp:attachment":[{"href":"https:\/\/karfire.com.tr\/en\/wp-json\/wp\/v2\/media?parent=122"}],"curies":[{"name":"wp","href":"https:\/\/api.w.org\/{rel}","templated":true}]}}